{"id":15,"date":"2019-09-11T03:58:00","date_gmt":"2019-09-11T03:58:00","guid":{"rendered":"http:\/\/markusbieske.com\/?page_id=15"},"modified":"2023-10-10T02:07:39","modified_gmt":"2023-10-10T02:07:39","slug":"contador-publico-autorizado","status":"publish","type":"page","link":"https:\/\/markusbieske.com\/","title":{"rendered":"CONTADOR P\u00daBLICO AUTORIZADO"},"content":{"rendered":"\n<figure class=\"wp-block-image alignwide size-large\"><img decoding=\"async\" loading=\"lazy\" width=\"1024\" height=\"380\" src=\"http:\/\/markusbieske.com\/wp-content\/uploads\/2023\/10\/Aliado-Comercial-1-1024x380.png\" alt=\"\" class=\"wp-image-33\" srcset=\"https:\/\/markusbieske.com\/wp-content\/uploads\/2023\/10\/Aliado-Comercial-1-1024x380.png 1024w, https:\/\/markusbieske.com\/wp-content\/uploads\/2023\/10\/Aliado-Comercial-1-300x111.png 300w, https:\/\/markusbieske.com\/wp-content\/uploads\/2023\/10\/Aliado-Comercial-1-768x285.png 768w, https:\/\/markusbieske.com\/wp-content\/uploads\/2023\/10\/Aliado-Comercial-1.png 1181w\" sizes=\"(max-width: 1024px) 100vw, 1024px\" \/><\/figure>\n\n\n\n<p><\/p>\n\n\n\n<p>Lic. Markus Bieske Velarde<\/p>\n\n\n\n<p><strong><em>(Titulado en Contadur\u00eda P\u00fablica y Administraci\u00f3n de Empresas)<\/em><\/strong><\/p>\n\n\n\n<p><strong><em>Los servicios profesionales se ofrecen en los idiomas: espa\u00f1ol, alem\u00e1n e ingl\u00e9s<\/em><\/strong>.<br><\/p>\n\n\n\n<div class=\"wp-block-media-text is-stacked-on-mobile\"><figure class=\"wp-block-media-text__media\"><img decoding=\"async\" loading=\"lazy\" width=\"1024\" height=\"674\" src=\"https:\/\/markusbieske.com\/wp-content\/uploads\/2023\/10\/accounting-concept-pen-on-balance-sheet-1-2022-11-16-16-24-11-utc-1024x674.jpg\" alt=\"\" class=\"wp-image-46 size-full\" srcset=\"https:\/\/markusbieske.com\/wp-content\/uploads\/2023\/10\/accounting-concept-pen-on-balance-sheet-1-2022-11-16-16-24-11-utc-1024x674.jpg 1024w, https:\/\/markusbieske.com\/wp-content\/uploads\/2023\/10\/accounting-concept-pen-on-balance-sheet-1-2022-11-16-16-24-11-utc-300x198.jpg 300w, https:\/\/markusbieske.com\/wp-content\/uploads\/2023\/10\/accounting-concept-pen-on-balance-sheet-1-2022-11-16-16-24-11-utc-768x506.jpg 768w, https:\/\/markusbieske.com\/wp-content\/uploads\/2023\/10\/accounting-concept-pen-on-balance-sheet-1-2022-11-16-16-24-11-utc-1536x1011.jpg 1536w, https:\/\/markusbieske.com\/wp-content\/uploads\/2023\/10\/accounting-concept-pen-on-balance-sheet-1-2022-11-16-16-24-11-utc-2048x1349.jpg 2048w\" sizes=\"(max-width: 1024px) 100vw, 1024px\" \/><\/figure><div class=\"wp-block-media-text__content\">\n<p><strong><em>Se ofrecen los siguientes servicios:<\/em><\/strong><\/p>\n\n\n\n<ul>\n<li><strong><em>Certificaci\u00f3n de ingresos<\/em><\/strong><\/li>\n\n\n\n<li><strong><em>Elaboraci\u00f3n de Flujos de Efectivo para tr\u00e1mites bancarios<\/em><\/strong><\/li>\n\n\n\n<li><strong><em>Ciclo completo contable \/ Contabilidad<\/em><\/strong><\/li>\n\n\n\n<li><strong><em>Constancias de Salarios<\/em><\/strong><\/li>\n\n\n\n<li><strong><em>Certificaci\u00f3n de Estados Financieros<\/em><\/strong><\/li>\n\n\n\n<li><strong><em>Dictamen de Auditor\u00eda<\/em><\/strong><\/li>\n\n\n\n<li><strong><em>Control de Inventarios<\/em><\/strong><\/li>\n\n\n\n<li><strong><em>Servicios de Auditor\u00eda (Financiera y Operativa)<\/em><\/strong><\/li>\n\n\n\n<li><strong><em>Consultor\u00eda Administrativa \/ Financiera<\/em><\/strong><\/li>\n\n\n\n<li><strong><em>Control Interno (incluyendo Caja y Bancos)<\/em><\/strong><\/li>\n\n\n\n<li><strong><em>Elaboraci\u00f3n de procedimientos<\/em><\/strong><\/li>\n<\/ul>\n<\/div><\/div>\n\n\n\n<div class=\"wp-block-group alignfull is-layout-constrained wp-block-group-is-layout-constrained\"><div class=\"wp-block-group__inner-container\">\n<div class=\"wp-block-buttons alignfull is-content-justification-center is-layout-flex wp-container-1 wp-block-buttons-is-layout-flex\">\n<div class=\"wp-block-button is-style-fill\"><a class=\"wp-block-button__link has-text-align-center wp-element-button\" href=\"http:\/\/markusbieske.com\/wp-content\/uploads\/2023\/10\/portafolio-de-servicios.pdf\" target=\"_blank\" rel=\"noreferrer noopener\"><code>Descargar Portafolio de Servicios<\/code><\/a><\/div>\n<\/div>\n<\/div><\/div>\n\n\n\n<div style=\"height:20px\" aria-hidden=\"true\" class=\"wp-block-spacer\"><\/div>\n\n\n\n<hr class=\"wp-block-separator has-alpha-channel-opacity\"\/>\n\n\n\n<p><strong><em>Se trabaja en base a NIC, NIIF, NIA.\u00a0<\/em><\/strong><\/p>\n\n\n\n<p><\/p>\n\n\n\n<p class=\"has-text-align-center\"><strong><em>Datos para ser contactado:<\/em><\/strong><\/p>\n\n\n\n<p class=\"has-text-align-center\"><strong><em>Tel. 8821-7586 o 2272-5129<\/em><\/strong><\/p>\n\n\n\n<p class=\"has-text-align-center\"><strong><em>skype: markus.bieske<\/em><\/strong><\/p>\n\n\n\n<p class=\"has-text-align-center\"><strong><em>Correo: <\/em><\/strong><a href=\"mailto:contaduriacpa@markusbieske.com\"><strong><em>contaduriacpa@markusbieske.com<\/em><\/strong><\/a><\/p>\n","protected":false},"excerpt":{"rendered":"<p>Lic. Markus Bieske Velarde (Titulado en Contadur\u00eda P\u00fablica y Administraci\u00f3n de Empresas) Los servicios profesionales se ofrecen en los idiomas: espa\u00f1ol, alem\u00e1n e ingl\u00e9s. Se trabaja en base a NIC, NIIF, NIA.\u00a0 Datos para ser contactado: Tel. 8821-7586 o 2272-5129 skype: markus.bieske Correo: contaduriacpa@markusbieske.com<\/p>\n","protected":false},"author":1,"featured_media":0,"parent":0,"menu_order":0,"comment_status":"closed","ping_status":"closed","template":"","meta":{"hide_page_title":"","footnotes":""},"_links":{"self":[{"href":"https:\/\/markusbieske.com\/index.php\/wp-json\/wp\/v2\/pages\/15"}],"collection":[{"href":"https:\/\/markusbieske.com\/index.php\/wp-json\/wp\/v2\/pages"}],"about":[{"href":"https:\/\/markusbieske.com\/index.php\/wp-json\/wp\/v2\/types\/page"}],"author":[{"embeddable":true,"href":"https:\/\/markusbieske.com\/index.php\/wp-json\/wp\/v2\/users\/1"}],"replies":[{"embeddable":true,"href":"https:\/\/markusbieske.com\/index.php\/wp-json\/wp\/v2\/comments?post=15"}],"version-history":[{"count":13,"href":"https:\/\/markusbieske.com\/index.php\/wp-json\/wp\/v2\/pages\/15\/revisions"}],"predecessor-version":[{"id":58,"href":"https:\/\/markusbieske.com\/index.php\/wp-json\/wp\/v2\/pages\/15\/revisions\/58"}],"wp:attachment":[{"href":"https:\/\/markusbieske.com\/index.php\/wp-json\/wp\/v2\/media?parent=15"}],"curies":[{"name":"wp","href":"https:\/\/api.w.org\/{rel}","templated":true}]}}